{"id":73,"date":"2023-06-13T03:16:00","date_gmt":"2023-06-13T02:16:00","guid":{"rendered":"https:\/\/chef.wordifysites.com\/?page_id=73"},"modified":"2024-12-11T12:15:22","modified_gmt":"2024-12-11T12:15:22","slug":"kontakt","status":"publish","type":"page","link":"https:\/\/rsyep.com\/rezept\/kontakt\/","title":{"rendered":"Kontakt"},"content":{"rendered":"<div class=\"gb-container gb-container-79926cde\">\n<div class=\"gb-container gb-container-aa124dae\">\n\n<figure class=\"wp-block-image size-medium is-resized\"><img loading=\"lazy\" decoding=\"async\" width=\"284\" height=\"300\" src=\"https:\/\/rsyep.com\/rezept\/wp-content\/uploads\/2024\/12\/woman-cooking-1-1-284x300.jpg\" alt=\"\" class=\"wp-image-3475\" style=\"width:300px;height:auto\" srcset=\"https:\/\/rsyep.com\/rezept\/wp-content\/uploads\/2024\/12\/woman-cooking-1-1-284x300.jpg 284w, https:\/\/rsyep.com\/rezept\/wp-content\/uploads\/2024\/12\/woman-cooking-1-1-971x1024.jpg 971w, https:\/\/rsyep.com\/rezept\/wp-content\/uploads\/2024\/12\/woman-cooking-1-1-768x810.jpg 768w, https:\/\/rsyep.com\/rezept\/wp-content\/uploads\/2024\/12\/woman-cooking-1-1-1456x1536.jpg 1456w, https:\/\/rsyep.com\/rezept\/wp-content\/uploads\/2024\/12\/woman-cooking-1-1-1941x2048.jpg 1941w\" sizes=\"auto, (max-width: 284px) 100vw, 284px\" \/><figcaption class=\"wp-element-caption\">Emilia Bergler<\/figcaption><\/figure>\n\n<\/div>\n\n<div class=\"gb-container gb-container-7e182a85\">\n\n<p class=\"gb-headline gb-headline-f016d4d6 gb-headline-text\">Willkommen bei Rezept, wo kulinarische Leidenschaft auf Kreativit\u00e4t trifft! Ich bin Emilia Bergler, das Gesicht hinter den Rezepten. Als begeisterter Feinschmecker liebe ich es, mit Aromen zu experimentieren und meine kulinarischen Abenteuer mit Ihnen zu teilen. Begleiten Sie mich auf dieser k\u00f6stlichen Reise, w\u00e4hrend wir gemeinsam die Welt der hausgemachten K\u00f6stlichkeiten erkunden.<\/p>\n\n\n\n<figure class=\"gb-block-image gb-block-image-b4ae7928\"><img decoding=\"async\" class=\"gb-image gb-image-b4ae7928\" src=\"https:\/\/rsyep.com\/rezept\/wp-content\/uploads\/2024\/01\/zigzag-separator.svg\" alt=\"zigzag separator\" title=\"zigzag separator\"\/><\/figure>\n\n<\/div>\n<\/div>\n\n<div class=\"gb-container gb-container-4081a005\">\n\n<h2 class=\"gb-headline gb-headline-372bbf26 gb-headline-text\">Kontakt Informationen<\/h2>\n\n\n\n<p>Haben Sie eine Frage, einen Vorschlag oder m\u00f6chten Sie einfach nur Hallo sagen? Sie k\u00f6nnen mich gerne per E-Mail unter info@rsyep.com erreichen. Ich freue mich immer, mit anderen Feinschmeckern in Kontakt zu treten und von Ihren K\u00fcchenerfolgen zu h\u00f6ren!<\/p>\n\n\n\n<h2 class=\"gb-headline gb-headline-b191d3b6 gb-headline-text\">Teilen Sie Ihre Rezepte<\/h2>\n\n\n\n<p>Sind Sie ein kulinarischer Zauberer mit einem fantastischen Rezept, das Sie teilen m\u00f6chten? Ich w\u00fcrde Ihre Kreationen gerne auf Rezept vorstellen! Ob es sich um ein Familienliebling, eine Variante eines Klassikers oder eine Neuentdeckung handelt, Ihre Rezepte k\u00f6nnen andere in unserer lebendigen Community inspirieren und begeistern. Schreiben Sie mir eine Nachricht mit Ihrem Rezept und einer kurzen Geschichte dazu an info@rsyep.com und lassen Sie uns gemeinsam Ihr K\u00fcchen-Know-how pr\u00e4sentieren!<\/p>\n\n<\/div>","protected":false},"excerpt":{"rendered":"<p>Willkommen bei Rezept, wo kulinarische Leidenschaft auf Kreativit\u00e4t trifft! Ich bin Emilia Bergler, das Gesicht hinter den Rezepten. Als begeisterter Feinschmecker liebe ich es, mit Aromen zu experimentieren und meine kulinarischen Abenteuer mit Ihnen zu teilen. Begleiten Sie mich auf dieser k\u00f6stlichen Reise, w\u00e4hrend wir gemeinsam die Welt der hausgemachten K\u00f6stlichkeiten erkunden. Kontakt Informationen Haben &#8230; <a title=\"Kontakt\" class=\"read-more\" href=\"https:\/\/rsyep.com\/rezept\/kontakt\/\" aria-label=\"Mehr Informationen \u00fcber Kontakt\">Weiterlesen &#8230;<\/a><\/p>\n","protected":false},"author":3,"featured_media":0,"parent":0,"menu_order":0,"comment_status":"closed","ping_status":"closed","template":"","meta":{"footnotes":""},"class_list":{"0":"post-73","1":"page","2":"type-page","3":"status-publish","5":"infinite-scroll-item"},"_links":{"self":[{"href":"https:\/\/rsyep.com\/rezept\/wp-json\/wp\/v2\/pages\/73","targetHints":{"allow":["GET"]}}],"collection":[{"href":"https:\/\/rsyep.com\/rezept\/wp-json\/wp\/v2\/pages"}],"about":[{"href":"https:\/\/rsyep.com\/rezept\/wp-json\/wp\/v2\/types\/page"}],"author":[{"embeddable":true,"href":"https:\/\/rsyep.com\/rezept\/wp-json\/wp\/v2\/users\/3"}],"replies":[{"embeddable":true,"href":"https:\/\/rsyep.com\/rezept\/wp-json\/wp\/v2\/comments?post=73"}],"version-history":[{"count":4,"href":"https:\/\/rsyep.com\/rezept\/wp-json\/wp\/v2\/pages\/73\/revisions"}],"predecessor-version":[{"id":3477,"href":"https:\/\/rsyep.com\/rezept\/wp-json\/wp\/v2\/pages\/73\/revisions\/3477"}],"wp:attachment":[{"href":"https:\/\/rsyep.com\/rezept\/wp-json\/wp\/v2\/media?parent=73"}],"curies":[{"name":"wp","href":"https:\/\/api.w.org\/{rel}","templated":true}]}}