{"id":303,"date":"2024-01-09T00:22:38","date_gmt":"2024-01-09T00:22:38","guid":{"rendered":"https:\/\/chef.wordifysites.com\/?page_id=303"},"modified":"2024-06-25T09:27:30","modified_gmt":"2024-06-25T09:27:30","slug":"style-guide","status":"publish","type":"page","link":"https:\/\/rsyep.com\/rezept\/style-guide\/","title":{"rendered":"Gestaltungsrichtlinie"},"content":{"rendered":"<section class=\"gb-container gb-container-01fc8b57\">\n\n<h2 class=\"gb-headline gb-headline-b3713079\"><span class=\"gb-icon\"><svg viewBox=\"0 0 37.227 37.227\" xmlns=\"http:\/\/www.w3.org\/2000\/svg\"><path d=\"M20.824 29.931l-1.396-3.676H7.529L6.13 30.011c-.547 1.464-1.012 2.451-1.398 2.965-.385.513-1.018.769-1.896.769-.746 0-1.404-.271-1.978-.817C.286 32.382 0 31.763 0 31.07c0-.397.065-.812.198-1.235.134-.427.354-1.021.66-1.777l7.488-19.01.768-1.968c.302-.766.621-1.4.959-1.906a3.899 3.899 0 011.341-1.229c.551-.312 1.231-.469 2.045-.469.826 0 1.517.156 2.065.469a3.97 3.97 0 011.34 1.209c.339.492.625 1.021.857 1.587s.529 1.321.889 2.268l7.649 18.89c.599 1.438.897 2.481.897 3.135 0 .681-.282 1.304-.85 1.867a2.796 2.796 0 01-2.049.851c-.465 0-.863-.084-1.195-.25a2.466 2.466 0 01-.84-.68c-.229-.286-.471-.727-.729-1.316a127.31 127.31 0 01-.669-1.575zm-11.74-8.127h8.746L13.416 9.722 9.084 21.804zm27.449 7.459l-5.857-14.324a57.909 57.909 0 00-.682-1.719 6.49 6.49 0 00-.654-1.203 3.02 3.02 0 00-1.02-.913c-.418-.236-.941-.354-1.568-.352-.619.003-1.135.123-1.553.361a2.942 2.942 0 00-1.015.937c-.258.386-.497.869-.725 1.451l-.39 1.005 2.14 5.289 1.524-4.295 3.383 9.16-2.934.013 1.307 3.223c.021.055.037.1.06.154l2.793-.012 1.069 2.787c.146.344.314.739.515 1.188.197.449.386.783.56 1 .172.217.385.388.639.514.252.125.557.188.91.188a2.13 2.13 0 001.551-.649c.432-.433.643-.904.641-1.42-.005-.5-.235-1.292-.694-2.383z\"><\/path><\/svg><\/span><span class=\"gb-headline-text\">Typografie<\/span><\/h2>\n\n\n\n<h3 class=\"gb-headline gb-headline-5730e635 gb-headline-text\">Speisekarte<\/h3>\n\n\n\n<p>Schriftart: DM Sans \u2013 16px, Weight \u2013 400<\/p>\n\n\n\n<h3 class=\"gb-headline gb-headline-a891b51a gb-headline-text\">Hauptinhalt<\/h3>\n\n\n\n<p>Schriftart: DM Sans \u2013 16px, Weight \u2013 400<\/p>\n\n\n<div class=\"gb-container gb-container-a67a27ed\">\n\n<h3 class=\"gb-headline gb-headline-a90ed2b0 gb-headline-text\">\u00dcberschriften &#8211; H1<\/h3>\n\n\n<div class=\"gb-container gb-container-81d05ae8\">\n\n<p class=\"gb-headline gb-headline-e2f6bf74 gb-headline-text\">Schriftart: DM Serif Display<br>Gr\u00f6\u00dfe \u2013 44px\/36px<br>Gewicht \u2013 400<\/p>\n\n\n\n<h1 class=\"gb-headline gb-headline-3b295bc4 gb-headline-text\">Fusce vulputate augue sit amet nunc egestas volutpat.<\/h1>\n\n<\/div>\n<\/div>\n\n<div class=\"gb-container gb-container-7e744b74\">\n\n<h3 class=\"gb-headline gb-headline-2d0ca5ea gb-headline-text\">\u00dcberschriften &#8211; H2<\/h3>\n\n\n<div class=\"gb-container gb-container-bab5e03f\">\n\n<p class=\"gb-headline gb-headline-3807dfea gb-headline-text\">Schriftart: DM Serif Display<br>Gr\u00f6\u00dfe \u2013 22px\/20px<br>Gewicht \u2013 400<\/p>\n\n\n\n<h2 class=\"gb-headline gb-headline-9ede0aa4 gb-headline-text\">Fusce vulputate augue sit amet nunc egestas volutpat.<\/h2>\n\n<\/div>\n<\/div>\n\n<div class=\"gb-container gb-container-2a4e0d29\">\n\n<h3 class=\"gb-headline gb-headline-f3a63e68 gb-headline-text\">\u00dcberschriften &#8211; H3<\/h3>\n\n\n<div class=\"gb-container gb-container-bf975ce7\">\n\n<p class=\"gb-headline gb-headline-b9c13dae gb-headline-text\">Schriftart: DM Serif Display<br>Gr\u00f6\u00dfe \u2013 18px\/17px<br>Gewicht \u2013 400<\/p>\n\n\n\n<h3 class=\"gb-headline gb-headline-2c7d1142 gb-headline-text\">Fusce vulputate augue sit amet nunc egestas volutpat.<\/h3>\n\n<\/div>\n<\/div>\n\n<div class=\"gb-container gb-container-239c218d\">\n\n<h3 class=\"gb-headline gb-headline-a77a6034 gb-headline-text\">\u00dcberschriften &#8211; H4<\/h3>\n\n\n<div class=\"gb-container gb-container-6caa74ef\">\n\n<p class=\"gb-headline gb-headline-9235b24e gb-headline-text\">Schriftart: DM Serif Display<br>Gr\u00f6\u00dfe \u2013 16px\/15px<br>Gewicht \u2013 400<\/p>\n\n\n\n<h4 class=\"gb-headline gb-headline-227f3d61 gb-headline-text\">Fusce vulputate augue sit amet nunc egestas volutpat.<\/h4>\n\n<\/div>\n<\/div>\n\n<div class=\"gb-container gb-container-9c2e288d\">\n\n<h3 class=\"gb-headline gb-headline-e99ff329 gb-headline-text\">\u00dcberschriften &#8211; H5<\/h3>\n\n\n<div class=\"gb-container gb-container-4146be07\">\n\n<p class=\"gb-headline gb-headline-39a39ed9 gb-headline-text\">Schriftart: DM Serif Display<br>Gr\u00f6\u00dfe \u2013 14px\/13px<br>Gewicht \u2013 400<\/p>\n\n\n\n<h5 class=\"gb-headline gb-headline-b108ae1d gb-headline-text\">Fusce vulputate augue sit amet nunc egestas volutpat.<\/h5>\n\n<\/div>\n<\/div>\n\n<div class=\"gb-container gb-container-ad004e6f\">\n\n<h3 class=\"gb-headline gb-headline-7db466f1 gb-headline-text\">\u00dcberschriften &#8211; H6<\/h3>\n\n\n<div class=\"gb-container gb-container-895924e1\">\n\n<p class=\"gb-headline gb-headline-a55b8b98 gb-headline-text\">Schriftart: DM Serif Display<br>Gr\u00f6\u00dfe \u2013 12px\/11px<br>Gewicht \u2013 400<\/p>\n\n\n\n<h6 class=\"gb-headline gb-headline-ae051b61 gb-headline-text\">Fusce vulputate augue sit amet nunc egestas volutpat.<\/h6>\n\n<\/div>\n<\/div>\n<\/section>\n\n<section class=\"gb-container gb-container-efdba09a\">\n\n<h2 class=\"gb-headline gb-headline-f728bcbc\"><span class=\"gb-icon\"><svg viewBox=\"0 0 512 512\" xmlns=\"http:\/\/www.w3.org\/2000\/svg\"><path d=\"M376.5 120.5h-241C60.785 120.5 0 181.285 0 256s60.785 135.5 135.5 135.5h241c74.715 0 135.5-60.785 135.5-135.5s-60.785-135.5-135.5-135.5zm0 241C318.327 361.5 271 314.174 271 256c0-58.172 47.327-105.5 105.5-105.5S482 197.828 482 256c0 58.174-47.327 105.5-105.5 105.5z\"><\/path><\/svg><\/span><span class=\"gb-headline-text\">Tasten<\/span><\/h2>\n\n\n<div class=\"gb-container gb-container-93930bd0\">\n\n<a class=\"gb-button gb-button-b56e867f gb-button-text\" href=\"#\">Knopf 1<\/a>\n\n\n\n<a class=\"gb-button gb-button-148fe0be gb-button-text\" href=\"#\">Taste 2<\/a>\n\n<\/div>\n<\/section>\n\n<section class=\"gb-container gb-container-87910dbf\">\n\n<h2 class=\"gb-headline gb-headline-05ac3ada\"><span class=\"gb-icon\"><svg viewBox=\"0 0 384 384\" xmlns=\"http:\/\/www.w3.org\/2000\/svg\"><path d=\"M192 0C85.973 0 0 85.973 0 192s85.973 192 192 192c17.707 0 32-14.293 32-32 0-8.32-3.093-15.787-8.32-21.44-5.013-5.653-8-13.013-8-21.227 0-17.707 14.293-32 32-32h37.653c58.88 0 106.667-47.787 106.667-106.667C384 76.373 298.027 0 192 0zM74.667 192c-17.707 0-32-14.293-32-32s14.293-32 32-32 32 14.293 32 32-14.294 32-32 32zm64-85.333c-17.707 0-32-14.293-32-32s14.293-32 32-32 32 14.293 32 32-14.294 32-32 32zm106.666 0c-17.707 0-32-14.293-32-32s14.293-32 32-32 32 14.293 32 32-14.293 32-32 32zm64 85.333c-17.707 0-32-14.293-32-32s14.293-32 32-32 32 14.293 32 32-14.293 32-32 32z\"><\/path><\/svg><\/span><span class=\"gb-headline-text\">Globale Farben<\/span><\/h2>\n\n\n<div class=\"gb-grid-wrapper gb-grid-wrapper-5bc6b304\">\n<div class=\"gb-grid-column gb-grid-column-bb82e2b8\"><div class=\"gb-container gb-container-bb82e2b8\">\n<div class=\"gb-container gb-container-c35dbac0\"><\/div>\n\n\n<p class=\"gb-headline gb-headline-e2eec422 gb-headline-text\">Kontrast: #171816<\/p>\n\n<\/div><\/div>\n\n<div class=\"gb-grid-column gb-grid-column-cd40bdbd\"><div class=\"gb-container gb-container-cd40bdbd\">\n<div class=\"gb-container gb-container-5322ac3f\"><\/div>\n\n\n<p class=\"gb-headline gb-headline-fa42833c gb-headline-text\">Kontrast-2: #4B3E3A<\/p>\n\n<\/div><\/div>\n\n<div class=\"gb-grid-column gb-grid-column-764ca475\"><div class=\"gb-container gb-container-764ca475\">\n<div class=\"gb-container gb-container-a0fa9b0d\"><\/div>\n\n\n<p class=\"gb-headline gb-headline-1b6320fe gb-headline-text\">Kontrast-3: #CFCABA<\/p>\n\n<\/div><\/div>\n\n<div class=\"gb-grid-column gb-grid-column-ea930d49\"><div class=\"gb-container gb-container-ea930d49\">\n<div class=\"gb-container gb-container-fd9ef24d\"><\/div>\n\n\n<p class=\"gb-headline gb-headline-06164af2 gb-headline-text\">Base: #EBE6DA<\/p>\n\n<\/div><\/div>\n\n<div class=\"gb-grid-column gb-grid-column-e6855aae\"><div class=\"gb-container gb-container-e6855aae\">\n<div class=\"gb-container gb-container-ae62f3bf\"><\/div>\n\n\n<p class=\"gb-headline gb-headline-e7524358 gb-headline-text\">Base-2: #F4F4F6<\/p>\n\n<\/div><\/div>\n\n<div class=\"gb-grid-column gb-grid-column-7a1eadc4\"><div class=\"gb-container gb-container-7a1eadc4\">\n<div class=\"gb-container gb-container-31e61df1\"><\/div>\n\n\n<p class=\"gb-headline gb-headline-91110016 gb-headline-text\">Base-3: #FFFFFF<\/p>\n\n<\/div><\/div>\n\n<div class=\"gb-grid-column gb-grid-column-7095b728\"><div class=\"gb-container gb-container-7095b728\">\n<div class=\"gb-container gb-container-fb77ad38\"><\/div>\n\n\n<p class=\"gb-headline gb-headline-37fd3a67 gb-headline-text\">Akzent: #DB3069<\/p>\n\n<\/div><\/div>\n<\/div>\n<\/section>","protected":false},"excerpt":{"rendered":"<p>Typografie Speisekarte Schriftart: DM Sans \u2013 16px, Weight \u2013 400 Hauptinhalt Schriftart: DM Sans \u2013 16px, Weight \u2013 400 \u00dcberschriften &#8211; H1 Schriftart: DM Serif DisplayGr\u00f6\u00dfe \u2013 44px\/36pxGewicht \u2013 400 Fusce vulputate augue sit amet nunc egestas volutpat. \u00dcberschriften &#8211; H2 Schriftart: DM Serif DisplayGr\u00f6\u00dfe \u2013 22px\/20pxGewicht \u2013 400 Fusce vulputate augue sit amet nunc &#8230; <a title=\"Gestaltungsrichtlinie\" class=\"read-more\" href=\"https:\/\/rsyep.com\/rezept\/style-guide\/\" aria-label=\"Mehr Informationen \u00fcber Gestaltungsrichtlinie\">Weiterlesen &#8230;<\/a><\/p>\n","protected":false},"author":3,"featured_media":0,"parent":0,"menu_order":0,"comment_status":"closed","ping_status":"closed","template":"","meta":{"footnotes":""},"class_list":{"0":"post-303","1":"page","2":"type-page","3":"status-publish","5":"infinite-scroll-item"},"_links":{"self":[{"href":"https:\/\/rsyep.com\/rezept\/wp-json\/wp\/v2\/pages\/303","targetHints":{"allow":["GET"]}}],"collection":[{"href":"https:\/\/rsyep.com\/rezept\/wp-json\/wp\/v2\/pages"}],"about":[{"href":"https:\/\/rsyep.com\/rezept\/wp-json\/wp\/v2\/types\/page"}],"author":[{"embeddable":true,"href":"https:\/\/rsyep.com\/rezept\/wp-json\/wp\/v2\/users\/3"}],"replies":[{"embeddable":true,"href":"https:\/\/rsyep.com\/rezept\/wp-json\/wp\/v2\/comments?post=303"}],"version-history":[{"count":1,"href":"https:\/\/rsyep.com\/rezept\/wp-json\/wp\/v2\/pages\/303\/revisions"}],"predecessor-version":[{"id":2321,"href":"https:\/\/rsyep.com\/rezept\/wp-json\/wp\/v2\/pages\/303\/revisions\/2321"}],"wp:attachment":[{"href":"https:\/\/rsyep.com\/rezept\/wp-json\/wp\/v2\/media?parent=303"}],"curies":[{"name":"wp","href":"https:\/\/api.w.org\/{rel}","templated":true}]}}